{"id":721,"date":"2018-10-30T13:19:08","date_gmt":"2018-10-30T13:19:08","guid":{"rendered":"https:\/\/www.zone-creative.com\/privacy\/"},"modified":"2022-09-08T09:43:07","modified_gmt":"2022-09-08T09:43:07","slug":"privacy","status":"publish","type":"page","link":"https:\/\/www.zone-creative.com\/en\/privacy\/","title":{"rendered":"Privacy"},"content":{"rendered":"<section  class='av_textblock_section av-jn390qvo-77fbff63b7374a7a68322b4c56cfc8fa '   itemscope=\"itemscope\" itemtype=\"https:\/\/schema.org\/CreativeWork\" ><div class='avia_textblock'  itemprop=\"text\" ><h1 style=\"text-align: center;\"><strong>INFORMATIVA AL TRATTAMENTO DEI DATI PERSONALI<\/strong><\/h1>\n<p>I dati personali dell&#8217;utente sono utilizzati da ZC S.R.L., che ne \u00e8 titolare per il trattamento, nel rispetto dei principi di protezione dei dati personali stabiliti dal Regolamento GDPR 2016\/679.<\/p>\n<p><strong><u>MODALIT\u00c0 E FINALIT\u00c0 DEL TRATTAMENTO DATI<\/u><\/strong><\/p>\n<ul>\n<li>La informiamo che i dati verranno trattati con il supporto dei seguenti mezzi:<\/li>\n<\/ul>\n<ol>\n<li>Cartacei (moduli di registrazione, moduli d\u2019ordine, ecc.)<\/li>\n<li>Informatici (software gestionali, contabili, ecc.)<\/li>\n<li>Telematici<\/li>\n<\/ol>\n<p>con le seguenti finalit\u00e0:<\/p>\n<ul>\n<li>erogazione dei servizi richiesti dal Cliente o disponibili su portali gestiti da (selezione del personale, newsletter, materiale informativo, materiale omaggio) nonch\u00e9 conclusione del contratto di cui \u00e8 parte l\u2019interessato;<\/li>\n<li>fini amministrativi e contabili correlati ai contratti di servizio;<\/li>\n<\/ul>\n<p>L&#8217;eventuale rifiuto nel consentire il trattamento dei dati comporta l&#8217;impossibilit\u00e0 di usufruire del servizio richiesto dall&#8217;utente.<\/p>\n<p>Fatto salvo esplicito diniego da parte dell&#8217;interessato, i dati dell\u2019utente saranno trattati anche per le seguenti finalit\u00e0:<\/p>\n<ul>\n<li>invio di proposte e di comunicazioni commerciali a mezzo posta elettronica o SMS o fax, da parte sia ZC S.R.L. e sia di societ\u00e0 partner:<\/li>\n<\/ul>\n<table>\n<tbody>\n<tr>\n<td width=\"145\">\n<table width=\"19\">\n<tbody>\n<tr>\n<td width=\"19\"><\/td>\n<\/tr>\n<\/tbody>\n<\/table>\n<\/td>\n<td width=\"58\">accetta<\/td>\n<td width=\"107\">\n<table width=\"19\">\n<tbody>\n<tr>\n<td width=\"19\"><\/td>\n<\/tr>\n<\/tbody>\n<\/table>\n<\/td>\n<td width=\"207\">non accetta<\/td>\n<\/tr>\n<\/tbody>\n<\/table>\n<ul>\n<li>indagini di mercato e statistiche, marketing e referenze su comunicazioni pubblicitarie (stampa, radio, TV, internet, ecc.), preferenze sui prodotti;<\/li>\n<\/ul>\n<table>\n<tbody>\n<tr>\n<td width=\"145\">\n<table width=\"19\">\n<tbody>\n<tr>\n<td width=\"19\"><\/td>\n<\/tr>\n<\/tbody>\n<\/table>\n<\/td>\n<td width=\"58\">accetta<\/td>\n<td width=\"107\">\n<table width=\"19\">\n<tbody>\n<tr>\n<td width=\"19\"><\/td>\n<\/tr>\n<\/tbody>\n<\/table>\n<\/td>\n<td width=\"207\">non accetta<\/td>\n<\/tr>\n<\/tbody>\n<\/table>\n<p><strong><u>BASE GIURIDICA<\/u><\/strong><\/p>\n<ul>\n<li>Il conferimento dei dati \u00e8 obbligatorio per tutto quanto \u00e8 richiesto dagli obblighi legali e contrattuali e pertanto l&#8217;eventuale rifiuto a fornirli in tutto o in parte pu\u00f2 dar luogo all&#8217;impossibilit\u00e0 di fornire i servizi richiesti.<\/li>\n<\/ul>\n<p>La societ\u00e0 tratta i dati facoltativi degli utenti in base al consenso, ossia mediante l\u2019approvazione esplicita della presente policy privacy e in relazione alle modalit\u00e0 e finalit\u00e0 di seguito descritte.<\/p>\n<p><strong><u>CATEGORIE DI DESTINATARI<\/u><\/strong><\/p>\n<ul>\n<li>Ferme restando le comunicazioni eseguite in adempimento di obblighi di legge e contrattuali, tutti i dati raccolti ed elaborati potranno essere comunicati esclusivamente per le finalit\u00e0 sopra specificate alle seguenti categorie di interessati:<\/li>\n<li>Consulenti commerciali;<\/li>\n<li>Contabili ed amministrativi;<\/li>\n<\/ul>\n<p><strong><u>PERIODO DI CONSERVAZIONE<\/u><\/strong><\/p>\n<ul>\n<li>I dati obbligatori ai fini contrattuali e contabili sono conservati per il tempo necessario allo svolgimento del rapporto commerciale e contabile.<\/li>\n<\/ul>\n<p>I dati di chi non acquista o usufruisce di prodotti\/servizi, pur avendo avuto un precedente contatto con dei rappresentanti dell\u2019azienda, saranno immediatamente cancellati o trattati in forma anonima, ove la loro conservazione non risulti altrimenti giustificata, salvo che sia stato acquisito validamente il consenso informato degli interessati relativo ad una successiva attivit\u00e0 di promozione commerciale o ricerca di mercato.<\/p>\n<p><strong><u>DIRITTI DELL\u2019INTERESSATO<\/u><\/strong><\/p>\n<ul>\n<li>Ai sensi del Regolamento europeo 679\/2016 (GDPR) e della normativa nazionale, l&#8217;interessato pu\u00f2, secondo le modalit\u00e0 e nei limiti previsti dalla vigente normativa, esercitare i seguenti diritti:<\/li>\n<li>richiedere la conferma dell&#8217;esistenza di dati personali che lo riguardano (diritto di accesso);<\/li>\n<li>conoscerne l&#8217;origine;<\/li>\n<li>riceverne comunicazione intelligibile;<\/li>\n<li>avere informazioni circa la logica, le modalit\u00e0 e le finalit\u00e0 del trattamento;<\/li>\n<li>richiederne l&#8217;aggiornamento, la rettifica, l&#8217;integrazione, la cancellazione, la trasformazione in forma anonima, il blocco dei dati trattati in violazione di legge, ivi compresi quelli non pi\u00f9 necessari al perseguimento degli scopi per i quali sono stati raccolti;<\/li>\n<li>nei casi di trattamento basato su consenso, ricevere i propri dati forniti al titolare, in forma strutturata e leggibile da un elaboratore di dati e in un formato comunemente usato da un dispositivo elettronico;<\/li>\n<li>il diritto di presentare un reclamo all\u2019Autorit\u00e0 di controllo.<\/li>\n<\/ul>\n<p>Le richieste vanno rivolte al Titolare del trattamento.<\/p>\n<ul>\n<li>Titolare del trattamento dei Suoi dati personali \u00e8 ZC S.R.L.<\/li>\n<li>La scrivente Societ\u00e0 non si \u00e8 avvalsa del DPO (Data Protection Officer)<\/li>\n<\/ul>\n<p><strong>Informazioni sui Cookies<\/strong><\/p>\n<p><strong>\u00a0<\/strong><strong>Cosa sono i cookies<\/strong><\/p>\n<p>Un &#8220;cookie&#8221; \u00e8 un file di testo salvato nel computer dell&#8217;utente nel momento in cui questo accede ad un sito web con lo scopo di fornire informazioni ogni volta che l&#8217;utente ritorna sullo stesso sito. E&#8217; una sorta di promemoria della pagina internet visitata. Con il cookie, il server web invia informazioni al browser dell&#8217;utente (Internet Explorer, Mozilla Firefox, Google Chrome, ecc.)\u00a0 memorizzate sul computer di quest&#8217;ultimo, e saranno rilette ed aggiornate ogni qual volta l&#8217;utente ritorner\u00e0 sul sito. In questo modo il sito Web pu\u00f2 adattarsi automaticamente all&#8217;utente. Nel corso della navigazione l&#8217;utente potrebbe ricevere sul suo terminale anche cookie di siti diversi (cookies di &#8220;terze parti&#8221;), impostati direttamente da gestori di detti siti web e utilizzati per le finalit\u00e0 e secondo le modalit\u00e0 da questi definiti.<\/p>\n<p>In funzione della loro durata, si distinguono in\u00a0cookie di sessione\u00a0(ossia quelli temporanei e cancellati automaticamente dal terminale al termine della sessione di navigazione, chiudendo il browser) ed in\u00a0cookie persistenti\u00a0(ossia quelli che restano memorizzati sul terminale fino alla loro scadenza o cancellazione da parte dell&#8217;utente).<\/p>\n<p>In base alla funzione e alla finalit\u00e0 di utilizzo, i cookie possono suddividersi in\u00a0cookie tecnici\u00a0e\u00a0cookie di profilazione.<\/p>\n<p><strong>Cookie tecnici<\/strong><\/p>\n<p>Alcuni cookie sono usati per eseguire autenticazioni informatiche, monitoraggio di sessioni e memorizzazione di informazioni specifiche sugli utenti che accedono ad una pagina web. Questi cookie, cosiddetti\u00a0tecnici, sono spesso utili per consentire di navigare in un sito web e utilizzarne tutte le funzionalit\u00e0. I\u00a0cookie tecnici\u00a0sono quelli il cui utilizzo non richiede il consenso dell&#8217;utente.<\/p>\n<p>A questa categoria appartengono anche gli\u00a0analytics cookie. Si tratta di cookie che raccolgono informazioni circa l&#8217;utilizzo che un utente fa di un sito web e che consentono di migliorarne il funzionamento. Ad esempio gli\u00a0analytics cookie\u00a0mostrano quali sono le pagine pi\u00f9 frequentemente visitate, consentono di verificare quali sono gli schemi ricorrenti d&#8217;utilizzo di un sito web e aiutano a comprendere ogni difficolt\u00e0 che l&#8217;utente incontra nell&#8217;utilizzo.<\/p>\n<p><strong>Cookie di profilazione<\/strong><\/p>\n<p>Altri cookie possono invece essere utilizzati per monitorare e profilare gli utenti durante la navigazione, studiare i loro movimenti e abitudini di consultazione del web o di consumo (cosa comprano, cosa leggono, ecc.), anche allo scopo di inviare pubblicit\u00e0 di servizi mirati e personalizzati. Si parla in questo caso di\u00a0cookie di profilazione. L&#8217;utilizzo di detti cookie necessita dell&#8217;acquisizione preventiva del libero consenso informato dell&#8217;utente ai sensi dell&#8217;art. 7 del Regolamento UE 2016\/679.<\/p>\n<p><strong>Cookie di terze parti<\/strong><\/p>\n<p>Pu\u00f2 accadere anche che una pagina web contenga cookie provenienti da altri siti e contenuti in vari elementi ospitati sulla pagina stessa, come ad esempio banner pubblicitari, immagini, video, mappe o specifici link a pagine web di altri domini che risiedono su server diversi da quello sul quale si trova la pagina richiesta. In altre parole, questi cookie sono impostati direttamente da gestori di siti web o server diversi da questo sito web. Parliamo, in questi casi, dei cosiddetti\u00a0cookie terze parti, che di solito sono utilizzati a fini di profilazione. L&#8217;utilizzo di questi cookie necessita dell&#8217;acquisizione preventiva del libero consenso informato dell&#8217;utente.<\/p>\n<p><strong>Tipologie di cookie utilizzati dal nostro sito<\/strong><\/p>\n<p>Le funzioni principali dei cookies installati da https:\/\/www.zone-creative.com\/ sono tecniche, vengono utilizzati per migliorare costantemente il Servizio, per l&#8217;autenticazione, per fini statistici, come il conteggio delle visite al sito. L&#8217;utilizzo di cookies \u00e8 dunque strettamente finalizzato a facilitare le funzioni del server di durante la navigazione del Servizio.<\/p>\n<p>Il sito consente inoltre l&#8217;invio dei seguenti\u00a0cookie di terze parti. Questi cookie non sono strumenti di nostra titolarit\u00e0, per maggiori informazioni, pertanto, \u00e8 possibile accedere all&#8217;informativa ed ai moduli di acquisizione del consenso delle terze parti, cliccando sui link riportati.<\/p>\n<p>Per migliorare il sito web e comprendere quali parti o elementi siano maggiormente apprezzati dagli utenti, sono utilizzati come strumento di analisi anonima e aggregata, i\u00a0cookie di terza parte\u00a0di\u00a0Google Analytics. Questi cookie non sono strumenti di nostra titolarit\u00e0, per maggiori informazioni, pertanto, \u00e8 possibile consultare l&#8217;informativa fornita da\u00a0<a href=\"http:\/\/www.google.it\/policies\/privacy\/partners\/\">Google<\/a>.<\/p>\n<p>Questi cookie non sono strumenti di nostra titolarit\u00e0. Per saperne di pi\u00f9 visitare la pagina informativa di\u00a0<a href=\"http:\/\/www.google.com\/intl\/it_it\/policies\/technologies\/cookies\/\">Google<\/a>.<\/p>\n<p>Il sito internet potrebbe utilizzare i programmi di Facebook ADS gestito da Facebook Inc., Google Adwords e la tecnologia Google Remarketing, gestiti da Google Inc. Anche la funzione monitoraggio delle conversioni di Facebook ADS e AdWords utilizza i cookie per aiutarci a tenere traccia delle vendite e di altre conversioni.<\/p>\n<p><strong>Gestione dei cookie<\/strong><\/p>\n<p>L&#8217;utente pu\u00f2 gestire le proprie preferenze relative ai cookie attraverso le funzionalit\u00e0 presenti nei comuni browser che consentono di cancellare\/rimuovere i cookie (tutti o alcuni) o di cambiare le impostazioni del browser stesso in modo da bloccare l&#8217;invio dei cookie o di limitarlo a siti specifici (rispetto ad altri).<\/p>\n<p>Pertanto \u00e8 possibile negare l&#8217;utilizzo dei cookie, seguendo la procedura di disabilitazione prevista dal proprio browser. Di seguito si riportano le modalit\u00e0 proposte dai principali browser:\u00a0<a href=\"http:\/\/windows.microsoft.com\/it-it\/windows-vista\/block-or-allow-cookies\">Microsoft Windows Explorer<\/a>,\u00a0<a href=\"https:\/\/support.mozilla.org\/it\/kb\/Attivare%20e%20disattivare%20i%20cookie?redirectlocale=en-US&amp;redirectslug=Enabling+and+disabling+cookies\">Mozilla Firefox<\/a>,\u00a0<a href=\"https:\/\/support.google.com\/accounts\/answer\/61416?hl=it\">Google Chrome<\/a>,\u00a0<a href=\"http:\/\/www.apple.com\/legal\/privacy\/\">Apple Safari<\/a>, Google Analytics scaricando uno specifico\u00a0<a href=\"https:\/\/tools.google.com\/dlpage\/gaoptout\">plug-in<\/a>\u00a0del browser.<\/p>\n<p>Per avere informazioni sui cookie archiviati sul proprio terminale e disattivarli singolarmente si rinvia al link:<a href=\"http:\/\/www.youronlinechoices.com\/it\/le-tue-scelte\">http:\/\/www.youronlinechoices.com\/it\/le-tue-scelte<\/a><\/p>\n<p>La presente privacy policy pu\u00f2 subire modifiche nel tempo \u2013 anche connesse all&#8217;eventuale entrata in vigore di nuove normative di settore, all&#8217;aggiornamento o erogazione di nuovi servizi ovvero ad intervenute innovazioni tecnologiche \u2013 per cui l&#8217;utente\/visitatore \u00e8 invitato a consultare periodicamente questa <a href=\"https:\/\/www.zone-creative.com\/privacy\/?lang=en\">https:\/\/www.zone-creative.com\/privacy<\/a><\/p>\n<\/div><\/section>\n","protected":false},"excerpt":{"rendered":"INFORMATIVA AL TRATTAMENTO DEI DATI PERSONALI I dati personali dell'utente sono utilizzati da ZC S.R.L., che ne \u00e8 titolare per il trattamento, nel rispetto dei principi di protezione dei dati personali stabiliti dal Regolamento GDPR 2016\/679. MODALIT\u00c0 E FINALIT\u00c0 DEL TRATTAMENTO DATI La informiamo che i dati verranno trattati con il supporto dei seguenti mezzi: [...]","protected":false},"author":1,"featured_media":0,"parent":0,"menu_order":0,"comment_status":"closed","ping_status":"open","template":"","meta":{"footnotes":""},"class_list":["post-721","page","type-page","status-publish","hentry"],"aioseo_notices":[],"jetpack_shortlink":"https:\/\/wp.me\/Pa8Gcf-bD","jetpack_sharing_enabled":true,"_links":{"self":[{"href":"https:\/\/www.zone-creative.com\/en\/wp-json\/wp\/v2\/pages\/721","targetHints":{"allow":["GET"]}}],"collection":[{"href":"https:\/\/www.zone-creative.com\/en\/wp-json\/wp\/v2\/pages"}],"about":[{"href":"https:\/\/www.zone-creative.com\/en\/wp-json\/wp\/v2\/types\/page"}],"author":[{"embeddable":true,"href":"https:\/\/www.zone-creative.com\/en\/wp-json\/wp\/v2\/users\/1"}],"replies":[{"embeddable":true,"href":"https:\/\/www.zone-creative.com\/en\/wp-json\/wp\/v2\/comments?post=721"}],"version-history":[{"count":3,"href":"https:\/\/www.zone-creative.com\/en\/wp-json\/wp\/v2\/pages\/721\/revisions"}],"predecessor-version":[{"id":2503,"href":"https:\/\/www.zone-creative.com\/en\/wp-json\/wp\/v2\/pages\/721\/revisions\/2503"}],"wp:attachment":[{"href":"https:\/\/www.zone-creative.com\/en\/wp-json\/wp\/v2\/media?parent=721"}],"curies":[{"name":"wp","href":"https:\/\/api.w.org\/{rel}","templated":true}]}}